{"id":352,"date":"2026-04-08T10:35:53","date_gmt":"2026-04-08T10:35:53","guid":{"rendered":"https:\/\/vivabag.azdigi.shop\/?post_type=product&#038;p=352"},"modified":"2026-04-08T10:36:32","modified_gmt":"2026-04-08T10:36:32","slug":"tui-deo-vai-curve","status":"publish","type":"product","link":"https:\/\/vivabag.azdigi.shop\/?product=tui-deo-vai-curve","title":{"rendered":"T\u00fai \u0110eo Vai Curve"},"content":{"rendered":"<h3 data-path-to-node=\"6\"><b data-path-to-node=\"6\" data-index-in-node=\"0\">Curve \u2013 N\u00e9t V\u1ebd Thanh Tao Cho Qu\u00fd C\u00f4 Tinh T\u1ebf<\/b><\/h3>\n<p data-path-to-node=\"7\">Gi\u1eefa nh\u1eefng \u1ed3n \u00e0o c\u1ee7a xu h\u01b0\u1edbng, Curve ch\u1ecdn cho m\u00ecnh m\u1ed9t l\u1ed1i \u0111i ri\u00eang v\u1edbi thi\u1ebft k\u1ebf t\u1ed1i gi\u1ea3n, t\u1eadp trung v\u00e0o s\u1ef1 ho\u00e0n h\u1ea3o c\u1ee7a \u0111\u01b0\u1eddng n\u00e9t. Chi\u1ebfc t\u00fai \u0111eo vai n\u00e0y t\u1eeb nh\u00e0 VIVABAG ch\u00ednh l\u00e0 bi\u1ec3u t\u01b0\u1ee3ng c\u1ee7a s\u1ef1 thanh l\u1ecbch, gi\u00fap t\u00f4n vinh v\u1ebb \u0111\u1eb9p t\u1ef1 nhi\u00ean v\u00e0 gu th\u1ea9m m\u1ef9 \u0111\u1ec9nh cao c\u1ee7a ng\u01b0\u1eddi s\u1edf h\u1eefu.<\/p>\n<h4 data-path-to-node=\"8\"><b data-path-to-node=\"8\" data-index-in-node=\"0\">Form d\u00e1ng h\u00ecnh thang \u0111\u1ed9c \u0111\u00e1o v\u00e0 m\u1ec1m m\u1ea1i<\/b><\/h4>\n<h4 data-path-to-node=\"8\">Curve s\u1edf h\u1eefu <b data-path-to-node=\"9\" data-index-in-node=\"23\">form d\u00e1ng h\u00ecnh thang n\u1eb1m ngang<\/b> v\u1edbi ph\u1ea7n \u0111\u00e1y r\u1ed9ng v\u00e0 mi\u1ec7ng t\u00fai thu\u00f4n nh\u1eb9. \u0110i\u1ec3m nh\u1ea5n \u0111\u1eaft gi\u00e1 ch\u00ednh l\u00e0 \u0111\u01b0\u1eddng cong l\u00f5m nh\u1eb9 \u1edf mi\u1ec7ng t\u00fai, t\u1ea1o n\u00ean s\u1ef1 m\u1ec1m m\u1ea1i, \u00f4m s\u00e1t d\u01b0\u1edbi c\u00e1nh tay khi s\u1eed d\u1ee5ng. Thi\u1ebft k\u1ebf n\u00e0y kh\u00f4ng ch\u1ec9 mang t\u00ednh th\u1eddi trang m\u00e0 c\u00f2n t\u1ea1o c\u1ea3m gi\u00e1c g\u1ecdn g\u00e0ng, nh\u1eb9 t\u00eanh cho ng\u01b0\u1eddi \u0111eo.<\/h4>\n<h4 data-path-to-node=\"10\"><b data-path-to-node=\"10\" data-index-in-node=\"0\">D\u00e2y \u0111eo ph\u1ed1i x\u00edch m\u1ea3nh tinh x\u1ea3o<\/b><\/h4>\n<p data-path-to-node=\"11\">Ph\u1ea7n quai t\u00fai \u0111\u01b0\u1ee3c thi\u1ebft k\u1ebf thanh m\u1ea3nh v\u1edbi s\u1ef1 k\u1ebft h\u1ee3p gi\u1eefa ch\u1ea5t li\u1ec7u da \u00eam \u00e1i v\u00e0 <b data-path-to-node=\"11\" data-index-in-node=\"81\">\u0111o\u1ea1n x\u00edch kim lo\u1ea1i nh\u1ecf<\/b> \u1edf ph\u1ea7n \u0111\u1ea7u n\u1ed1i. Chi ti\u1ebft n\u00e0y t\u1ea1o n\u00ean \u0111\u1ed9 b\u1eaft s\u00e1ng nh\u1eb9 nh\u00e0ng, gi\u1ed1ng nh\u01b0 m\u1ed9t s\u1ee3i d\u00e2y chuy\u1ec1n tinh t\u1ebf t\u00f4 \u0111i\u1ec3m cho b\u1edd vai c\u1ee7a b\u1ea1n.<\/p>\n<h4 data-path-to-node=\"12\"><b data-path-to-node=\"12\" data-index-in-node=\"0\">K\u00edch th\u01b0\u1edbc (Size) v\u00e0 C\u00f4ng n\u0103ng t\u1ed1i \u01b0u<\/b><\/h4>\n<p data-path-to-node=\"13\">D\u00f9 c\u00f3 ngo\u1ea1i h\u00ecnh m\u1ecfng nh\u1eb9, Curve v\u1eabn \u0111\u1ea3m b\u1ea3o kh\u1ea3 n\u0103ng ch\u1ee9a \u0111\u1ed3 \u1ea5n t\u01b0\u1ee3ng nh\u1edd thi\u1ebft k\u1ebf m\u1edf r\u1ed9ng v\u1ec1 ph\u00eda \u0111\u00e1y:<\/p>\n<ul data-path-to-node=\"14\">\n<li>\n<p data-path-to-node=\"14,0,0\"><b data-path-to-node=\"14,0,0\" data-index-in-node=\"0\">K\u00edch th\u01b0\u1edbc:<\/b> Ngang 28cm x Cao 15cm x R\u1ed9ng 6cm.<\/p>\n<\/li>\n<li>\n<p data-path-to-node=\"14,1,0\"><b data-path-to-node=\"14,1,0\" data-index-in-node=\"0\">S\u1ee9c ch\u1ee9a:<\/b> Tho\u1ea3i m\u00e1i \u0111\u1ef1ng m\u1ecdi d\u00f2ng smartphone, v\u00ed c\u1ea7m tay, ch\u00eca kh\u00f3a, c\u00e1c lo\u1ea1i m\u1ef9 ph\u1ea9m c\u01a1 b\u1ea3n v\u00e0 m\u1ed9t v\u00e0i ph\u1ee5 ki\u1ec7n c\u00e1 nh\u00e2n nh\u1ecf g\u1ecdn.<\/p>\n<\/li>\n<li>\n<p data-path-to-node=\"14,2,0\"><b data-path-to-node=\"14,2,0\" data-index-in-node=\"0\">\u0110\u1ed9 b\u1ec1n:<\/b> \u0110\u01b0\u1eddng may gi\u1ea5u ch\u1ec9 tinh t\u1ebf c\u00f9ng l\u1edbp l\u00f3t l\u1ee5a cao c\u1ea5p b\u00ean trong gi\u00fap b\u1ea3o v\u1ec7 \u0111\u1ed3 \u0111\u1ea1c t\u1ed1i \u01b0u.<\/p>\n<\/li>\n<\/ul>\n<h4 data-path-to-node=\"15\"><b data-path-to-node=\"15\" data-index-in-node=\"0\">M\u00e0u kem b\u01a1 (Butter Cream) th\u1eddi th\u01b0\u1ee3ng<\/b><\/h4>\n<p data-path-to-node=\"16\">M\u00e0u s\u1eafc c\u1ee7a Curve l\u00e0 m\u1ed9t \u0111i\u1ec3m c\u1ed9ng l\u1edbn. S\u1eafc kem b\u01a1 trung t\u00ednh kh\u00f4ng ch\u1ec9 mang l\u1ea1i c\u1ea3m gi\u00e1c d\u1ec5 ch\u1ecbu, m\u00e1t m\u1eaft m\u00e0 c\u00f2n c\u00f3 kh\u1ea3 n\u0103ng <b data-path-to-node=\"16\" data-index-in-node=\"136\">&#8220;ph\u1ed1i \u0111\u1ed3 kh\u00f4ng gi\u1edbi h\u1ea1n&#8221;<\/b>. B\u1ea1n c\u00f3 th\u1ec3 k\u1ebft h\u1ee3p c\u00f9ng v\u00e1y l\u1ee5a th\u01b0\u1edbt tha, blazer thanh l\u1ecbch hay \u0111\u01a1n gi\u1ea3n l\u00e0 m\u1ed9t chi\u1ebfc s\u01a1 mi tr\u1eafng \u0111\u1ec3 t\u1ea1o n\u00ean di\u1ec7n m\u1ea1o ch\u1ec9n chu nh\u1ea5t.<\/p>\n","protected":false},"excerpt":{"rendered":"<ul data-path-to-node=\"14\">\n<li>\n<p data-path-to-node=\"14,0,0\"><b data-path-to-node=\"14,0,0\" data-index-in-node=\"0\">K\u00edch th\u01b0\u1edbc:<\/b> Ngang 28cm x Cao 15cm x R\u1ed9ng 6cm.<\/p>\n<\/li>\n<li><strong>M\u00e0u s\u1eafc:<\/strong> Kem , H\u1ed3ng<\/li>\n<li>\n<p data-path-to-node=\"14,1,0\"><b data-path-to-node=\"14,1,0\" data-index-in-node=\"0\">S\u1ee9c ch\u1ee9a:<\/b> Tho\u1ea3i m\u00e1i \u0111\u1ef1ng m\u1ecdi d\u00f2ng smartphone, v\u00ed c\u1ea7m tay, ch\u00eca kh\u00f3a, c\u00e1c lo\u1ea1i m\u1ef9 ph\u1ea9m c\u01a1 b\u1ea3n v\u00e0 m\u1ed9t v\u00e0i ph\u1ee5 ki\u1ec7n c\u00e1 nh\u00e2n nh\u1ecf g\u1ecdn.<\/p>\n<\/li>\n<\/ul>\n","protected":false},"featured_media":346,"comment_status":"open","ping_status":"closed","template":"","meta":[],"product_brand":[],"product_cat":[21],"product_tag":[],"class_list":{"0":"post-352","1":"product","2":"type-product","3":"status-publish","4":"has-post-thumbnail","6":"product_cat-tui-deo-vai","8":"first","9":"instock","10":"shipping-taxable","11":"purchasable","12":"product-type-variable"},"yoast_head":"<!-- This site is optimized with the Yoast SEO plugin v26.9 - https:\/\/yoast.com\/product\/yoast-seo-wordpress\/ -->\n<title>T\u00fai \u0110eo Vai Curve - VIVA BAG<\/title>\n<meta name=\"description\" content=\"Curve ch\u1ecdn cho m\u00ecnh m\u1ed9t l\u1ed1i \u0111i ri\u00eang v\u1edbi thi\u1ebft k\u1ebf t\u1ed1i gi\u1ea3n, t\u1eadp trung v\u00e0o s\u1ef1 ho\u00e0n h\u1ea3o gi\u00fap t\u00f4n vinh v\u1ebb \u0111\u1eb9p t\u1ef1 nhi\u00ean v\u00e0 gu th\u1ea9m m\u1ef9 \u0111\u1ec9nh cao c\u1ee7a ng\u01b0\u1eddi s\u1edf h\u1eefu.\" \/>\n<meta name=\"robots\" content=\"noindex, follow, max-snippet:-1, max-image-preview:large, max-video-preview:-1\" \/>\n<meta property=\"og:locale\" content=\"vi_VN\" \/>\n<meta property=\"og:type\" content=\"article\" \/>\n<meta property=\"og:title\" content=\"T\u00fai \u0110eo Vai Curve - VIVA BAG\" \/>\n<meta property=\"og:description\" content=\"Curve ch\u1ecdn cho m\u00ecnh m\u1ed9t l\u1ed1i \u0111i ri\u00eang v\u1edbi thi\u1ebft k\u1ebf t\u1ed1i gi\u1ea3n, t\u1eadp trung v\u00e0o s\u1ef1 ho\u00e0n h\u1ea3o gi\u00fap t\u00f4n vinh v\u1ebb \u0111\u1eb9p t\u1ef1 nhi\u00ean v\u00e0 gu th\u1ea9m m\u1ef9 \u0111\u1ec9nh cao c\u1ee7a ng\u01b0\u1eddi s\u1edf h\u1eefu.\" \/>\n<meta property=\"og:url\" content=\"https:\/\/vivabag.azdigi.shop\/?product=tui-deo-vai-curve\" \/>\n<meta property=\"og:site_name\" content=\"VIVA BAG\" \/>\n<meta property=\"article:modified_time\" content=\"2026-04-08T10:36:32+00:00\" \/>\n<meta property=\"og:image\" content=\"https:\/\/vivabag.azdigi.shop\/wp-content\/uploads\/2026\/04\/vai4.1.webp\" \/>\n\t<meta property=\"og:image:width\" content=\"400\" \/>\n\t<meta property=\"og:image:height\" content=\"566\" \/>\n\t<meta property=\"og:image:type\" content=\"image\/webp\" \/>\n<meta name=\"twitter:card\" content=\"summary_large_image\" \/>\n<meta name=\"twitter:label1\" content=\"\u01af\u1edbc t\u00ednh th\u1eddi gian \u0111\u1ecdc\" \/>\n\t<meta name=\"twitter:data1\" content=\"3 ph\u00fat\" \/>\n<script type=\"application\/ld+json\" class=\"yoast-schema-graph\">{\"@context\":\"https:\/\/schema.org\",\"@graph\":[{\"@type\":\"WebPage\",\"@id\":\"https:\/\/vivabag.azdigi.shop\/?product=tui-deo-vai-curve\",\"url\":\"https:\/\/vivabag.azdigi.shop\/?product=tui-deo-vai-curve\",\"name\":\"T\u00fai \u0110eo Vai Curve - VIVA BAG\",\"isPartOf\":{\"@id\":\"https:\/\/vivabag.azdigi.shop\/#website\"},\"primaryImageOfPage\":{\"@id\":\"https:\/\/vivabag.azdigi.shop\/?product=tui-deo-vai-curve#primaryimage\"},\"image\":{\"@id\":\"https:\/\/vivabag.azdigi.shop\/?product=tui-deo-vai-curve#primaryimage\"},\"thumbnailUrl\":\"https:\/\/vivabag.azdigi.shop\/wp-content\/uploads\/2026\/04\/vai4.1.webp\",\"datePublished\":\"2026-04-08T10:35:53+00:00\",\"dateModified\":\"2026-04-08T10:36:32+00:00\",\"description\":\"Curve ch\u1ecdn cho m\u00ecnh m\u1ed9t l\u1ed1i \u0111i ri\u00eang v\u1edbi thi\u1ebft k\u1ebf t\u1ed1i gi\u1ea3n, t\u1eadp trung v\u00e0o s\u1ef1 ho\u00e0n h\u1ea3o gi\u00fap t\u00f4n vinh v\u1ebb \u0111\u1eb9p t\u1ef1 nhi\u00ean v\u00e0 gu th\u1ea9m m\u1ef9 \u0111\u1ec9nh cao c\u1ee7a ng\u01b0\u1eddi s\u1edf h\u1eefu.\",\"breadcrumb\":{\"@id\":\"https:\/\/vivabag.azdigi.shop\/?product=tui-deo-vai-curve#breadcrumb\"},\"inLanguage\":\"vi\",\"potentialAction\":[{\"@type\":\"ReadAction\",\"target\":[\"https:\/\/vivabag.azdigi.shop\/?product=tui-deo-vai-curve\"]}]},{\"@type\":\"ImageObject\",\"inLanguage\":\"vi\",\"@id\":\"https:\/\/vivabag.azdigi.shop\/?product=tui-deo-vai-curve#primaryimage\",\"url\":\"https:\/\/vivabag.azdigi.shop\/wp-content\/uploads\/2026\/04\/vai4.1.webp\",\"contentUrl\":\"https:\/\/vivabag.azdigi.shop\/wp-content\/uploads\/2026\/04\/vai4.1.webp\",\"width\":400,\"height\":566},{\"@type\":\"BreadcrumbList\",\"@id\":\"https:\/\/vivabag.azdigi.shop\/?product=tui-deo-vai-curve#breadcrumb\",\"itemListElement\":[{\"@type\":\"ListItem\",\"position\":1,\"name\":\"Trang ch\u1ee7\",\"item\":\"https:\/\/vivabag.azdigi.shop\/\"},{\"@type\":\"ListItem\",\"position\":2,\"name\":\"C\u1eeda h\u00e0ng\",\"item\":\"https:\/\/vivabag.azdigi.shop\/?page_id=167\"},{\"@type\":\"ListItem\",\"position\":3,\"name\":\"T\u00fai \u0110eo Vai Curve\"}]},{\"@type\":\"WebSite\",\"@id\":\"https:\/\/vivabag.azdigi.shop\/#website\",\"url\":\"https:\/\/vivabag.azdigi.shop\/\",\"name\":\"VIVA BAG\",\"description\":\"T\u00fai x\u00e1ch Trendy\",\"publisher\":{\"@id\":\"https:\/\/vivabag.azdigi.shop\/#\/schema\/person\/1a6ae4205ec94f3670a526d95327e7f9\"},\"potentialAction\":[{\"@type\":\"SearchAction\",\"target\":{\"@type\":\"EntryPoint\",\"urlTemplate\":\"https:\/\/vivabag.azdigi.shop\/?s={search_term_string}\"},\"query-input\":{\"@type\":\"PropertyValueSpecification\",\"valueRequired\":true,\"valueName\":\"search_term_string\"}}],\"inLanguage\":\"vi\"},{\"@type\":[\"Person\",\"Organization\"],\"@id\":\"https:\/\/vivabag.azdigi.shop\/#\/schema\/person\/1a6ae4205ec94f3670a526d95327e7f9\",\"name\":\"Pham Thi Tuyet Suong\",\"image\":{\"@type\":\"ImageObject\",\"inLanguage\":\"vi\",\"@id\":\"https:\/\/vivabag.azdigi.shop\/#\/schema\/person\/image\/\",\"url\":\"https:\/\/vivabag.azdigi.shop\/wp-content\/uploads\/2026\/01\/05D3E6D0-B100-401F-8CE3-BC1A42F6576C.png\",\"contentUrl\":\"https:\/\/vivabag.azdigi.shop\/wp-content\/uploads\/2026\/01\/05D3E6D0-B100-401F-8CE3-BC1A42F6576C.png\",\"width\":394,\"height\":390,\"caption\":\"Pham Thi Tuyet Suong\"},\"logo\":{\"@id\":\"https:\/\/vivabag.azdigi.shop\/#\/schema\/person\/image\/\"},\"sameAs\":[\"https:\/\/vivabag.azdigi.shop\"]}]}<\/script>\n<!-- \/ Yoast SEO plugin. -->","yoast_head_json":{"title":"T\u00fai \u0110eo Vai Curve - VIVA BAG","description":"Curve ch\u1ecdn cho m\u00ecnh m\u1ed9t l\u1ed1i \u0111i ri\u00eang v\u1edbi thi\u1ebft k\u1ebf t\u1ed1i gi\u1ea3n, t\u1eadp trung v\u00e0o s\u1ef1 ho\u00e0n h\u1ea3o gi\u00fap t\u00f4n vinh v\u1ebb \u0111\u1eb9p t\u1ef1 nhi\u00ean v\u00e0 gu th\u1ea9m m\u1ef9 \u0111\u1ec9nh cao c\u1ee7a ng\u01b0\u1eddi s\u1edf h\u1eefu.","robots":{"index":"noindex","follow":"follow","max-snippet":"max-snippet:-1","max-image-preview":"max-image-preview:large","max-video-preview":"max-video-preview:-1"},"og_locale":"vi_VN","og_type":"article","og_title":"T\u00fai \u0110eo Vai Curve - VIVA BAG","og_description":"Curve ch\u1ecdn cho m\u00ecnh m\u1ed9t l\u1ed1i \u0111i ri\u00eang v\u1edbi thi\u1ebft k\u1ebf t\u1ed1i gi\u1ea3n, t\u1eadp trung v\u00e0o s\u1ef1 ho\u00e0n h\u1ea3o gi\u00fap t\u00f4n vinh v\u1ebb \u0111\u1eb9p t\u1ef1 nhi\u00ean v\u00e0 gu th\u1ea9m m\u1ef9 \u0111\u1ec9nh cao c\u1ee7a ng\u01b0\u1eddi s\u1edf h\u1eefu.","og_url":"https:\/\/vivabag.azdigi.shop\/?product=tui-deo-vai-curve","og_site_name":"VIVA BAG","article_modified_time":"2026-04-08T10:36:32+00:00","og_image":[{"width":400,"height":566,"url":"https:\/\/vivabag.azdigi.shop\/wp-content\/uploads\/2026\/04\/vai4.1.webp","type":"image\/webp"}],"twitter_card":"summary_large_image","twitter_misc":{"\u01af\u1edbc t\u00ednh th\u1eddi gian \u0111\u1ecdc":"3 ph\u00fat"},"schema":{"@context":"https:\/\/schema.org","@graph":[{"@type":"WebPage","@id":"https:\/\/vivabag.azdigi.shop\/?product=tui-deo-vai-curve","url":"https:\/\/vivabag.azdigi.shop\/?product=tui-deo-vai-curve","name":"T\u00fai \u0110eo Vai Curve - VIVA BAG","isPartOf":{"@id":"https:\/\/vivabag.azdigi.shop\/#website"},"primaryImageOfPage":{"@id":"https:\/\/vivabag.azdigi.shop\/?product=tui-deo-vai-curve#primaryimage"},"image":{"@id":"https:\/\/vivabag.azdigi.shop\/?product=tui-deo-vai-curve#primaryimage"},"thumbnailUrl":"https:\/\/vivabag.azdigi.shop\/wp-content\/uploads\/2026\/04\/vai4.1.webp","datePublished":"2026-04-08T10:35:53+00:00","dateModified":"2026-04-08T10:36:32+00:00","description":"Curve ch\u1ecdn cho m\u00ecnh m\u1ed9t l\u1ed1i \u0111i ri\u00eang v\u1edbi thi\u1ebft k\u1ebf t\u1ed1i gi\u1ea3n, t\u1eadp trung v\u00e0o s\u1ef1 ho\u00e0n h\u1ea3o gi\u00fap t\u00f4n vinh v\u1ebb \u0111\u1eb9p t\u1ef1 nhi\u00ean v\u00e0 gu th\u1ea9m m\u1ef9 \u0111\u1ec9nh cao c\u1ee7a ng\u01b0\u1eddi s\u1edf h\u1eefu.","breadcrumb":{"@id":"https:\/\/vivabag.azdigi.shop\/?product=tui-deo-vai-curve#breadcrumb"},"inLanguage":"vi","potentialAction":[{"@type":"ReadAction","target":["https:\/\/vivabag.azdigi.shop\/?product=tui-deo-vai-curve"]}]},{"@type":"ImageObject","inLanguage":"vi","@id":"https:\/\/vivabag.azdigi.shop\/?product=tui-deo-vai-curve#primaryimage","url":"https:\/\/vivabag.azdigi.shop\/wp-content\/uploads\/2026\/04\/vai4.1.webp","contentUrl":"https:\/\/vivabag.azdigi.shop\/wp-content\/uploads\/2026\/04\/vai4.1.webp","width":400,"height":566},{"@type":"BreadcrumbList","@id":"https:\/\/vivabag.azdigi.shop\/?product=tui-deo-vai-curve#breadcrumb","itemListElement":[{"@type":"ListItem","position":1,"name":"Trang ch\u1ee7","item":"https:\/\/vivabag.azdigi.shop\/"},{"@type":"ListItem","position":2,"name":"C\u1eeda h\u00e0ng","item":"https:\/\/vivabag.azdigi.shop\/?page_id=167"},{"@type":"ListItem","position":3,"name":"T\u00fai \u0110eo Vai Curve"}]},{"@type":"WebSite","@id":"https:\/\/vivabag.azdigi.shop\/#website","url":"https:\/\/vivabag.azdigi.shop\/","name":"VIVA BAG","description":"T\u00fai x\u00e1ch Trendy","publisher":{"@id":"https:\/\/vivabag.azdigi.shop\/#\/schema\/person\/1a6ae4205ec94f3670a526d95327e7f9"},"potentialAction":[{"@type":"SearchAction","target":{"@type":"EntryPoint","urlTemplate":"https:\/\/vivabag.azdigi.shop\/?s={search_term_string}"},"query-input":{"@type":"PropertyValueSpecification","valueRequired":true,"valueName":"search_term_string"}}],"inLanguage":"vi"},{"@type":["Person","Organization"],"@id":"https:\/\/vivabag.azdigi.shop\/#\/schema\/person\/1a6ae4205ec94f3670a526d95327e7f9","name":"Pham Thi Tuyet Suong","image":{"@type":"ImageObject","inLanguage":"vi","@id":"https:\/\/vivabag.azdigi.shop\/#\/schema\/person\/image\/","url":"https:\/\/vivabag.azdigi.shop\/wp-content\/uploads\/2026\/01\/05D3E6D0-B100-401F-8CE3-BC1A42F6576C.png","contentUrl":"https:\/\/vivabag.azdigi.shop\/wp-content\/uploads\/2026\/01\/05D3E6D0-B100-401F-8CE3-BC1A42F6576C.png","width":394,"height":390,"caption":"Pham Thi Tuyet Suong"},"logo":{"@id":"https:\/\/vivabag.azdigi.shop\/#\/schema\/person\/image\/"},"sameAs":["https:\/\/vivabag.azdigi.shop"]}]}},"_links":{"self":[{"href":"https:\/\/vivabag.azdigi.shop\/index.php?rest_route=\/wp\/v2\/product\/352","targetHints":{"allow":["GET"]}}],"collection":[{"href":"https:\/\/vivabag.azdigi.shop\/index.php?rest_route=\/wp\/v2\/product"}],"about":[{"href":"https:\/\/vivabag.azdigi.shop\/index.php?rest_route=\/wp\/v2\/types\/product"}],"replies":[{"embeddable":true,"href":"https:\/\/vivabag.azdigi.shop\/index.php?rest_route=%2Fwp%2Fv2%2Fcomments&post=352"}],"wp:featuredmedia":[{"embeddable":true,"href":"https:\/\/vivabag.azdigi.shop\/index.php?rest_route=\/wp\/v2\/media\/346"}],"wp:attachment":[{"href":"https:\/\/vivabag.azdigi.shop\/index.php?rest_route=%2Fwp%2Fv2%2Fmedia&parent=352"}],"wp:term":[{"taxonomy":"product_brand","embeddable":true,"href":"https:\/\/vivabag.azdigi.shop\/index.php?rest_route=%2Fwp%2Fv2%2Fproduct_brand&post=352"},{"taxonomy":"product_cat","embeddable":true,"href":"https:\/\/vivabag.azdigi.shop\/index.php?rest_route=%2Fwp%2Fv2%2Fproduct_cat&post=352"},{"taxonomy":"product_tag","embeddable":true,"href":"https:\/\/vivabag.azdigi.shop\/index.php?rest_route=%2Fwp%2Fv2%2Fproduct_tag&post=352"}],"curies":[{"name":"wp","href":"https:\/\/api.w.org\/{rel}","templated":true}]}}